{"id":417,"date":"2021-02-15T12:33:39","date_gmt":"2021-02-15T11:33:39","guid":{"rendered":"http:\/\/gemeinschaftsschule-graefenroda.de\/?page_id=417"},"modified":"2026-03-03T15:21:40","modified_gmt":"2026-03-03T14:21:40","slug":"anmeldung-fuer-neue-schueler","status":"publish","type":"page","link":"http:\/\/gemeinschaftsschule-graefenroda.de\/index.php\/anmeldung-fuer-neue-schueler\/","title":{"rendered":"Anmeldung Schule"},"content":{"rendered":"\n<p><strong>Liebe Eltern und Sch\u00fclerInnen,<br>wir m\u00f6chten uns als Schule im Folgenden etwas vorstellen, um Ihnen die Entscheidung zu einem Schulwechsel so einfach wie m\u00f6glich zu machen.<\/strong><\/p>\n\n\n\n<figure class=\"wp-block-image size-large is-resized\"><img decoding=\"async\" loading=\"lazy\" src=\"http:\/\/gemeinschaftsschule-graefenroda.de\/wp-content\/uploads\/2021\/02\/Flyer-TSG-Graefenroda-Vorderseite-722x1024.jpeg\" alt=\"\" class=\"wp-image-420\" width=\"707\" height=\"1002\" srcset=\"http:\/\/gemeinschaftsschule-graefenroda.de\/wp-content\/uploads\/2021\/02\/Flyer-TSG-Graefenroda-Vorderseite-722x1024.jpeg 722w, http:\/\/gemeinschaftsschule-graefenroda.de\/wp-content\/uploads\/2021\/02\/Flyer-TSG-Graefenroda-Vorderseite-211x300.jpeg 211w, http:\/\/gemeinschaftsschule-graefenroda.de\/wp-content\/uploads\/2021\/02\/Flyer-TSG-Graefenroda-Vorderseite-768x1089.jpeg 768w, http:\/\/gemeinschaftsschule-graefenroda.de\/wp-content\/uploads\/2021\/02\/Flyer-TSG-Graefenroda-Vorderseite-1083x1536.jpeg 1083w, http:\/\/gemeinschaftsschule-graefenroda.de\/wp-content\/uploads\/2021\/02\/Flyer-TSG-Graefenroda-Vorderseite.jpeg 1400w\" sizes=\"(max-width: 707px) 100vw, 707px\" \/><\/figure>\n\n\n\n<figure class=\"wp-block-image size-large is-resized\"><img decoding=\"async\" loading=\"lazy\" src=\"http:\/\/gemeinschaftsschule-graefenroda.de\/wp-content\/uploads\/2021\/02\/Flyer-TGS-Graefenroda-Rueckseite-722x1024.jpeg\" alt=\"\" class=\"wp-image-421\" width=\"705\" height=\"999\" srcset=\"http:\/\/gemeinschaftsschule-graefenroda.de\/wp-content\/uploads\/2021\/02\/Flyer-TGS-Graefenroda-Rueckseite-722x1024.jpeg 722w, http:\/\/gemeinschaftsschule-graefenroda.de\/wp-content\/uploads\/2021\/02\/Flyer-TGS-Graefenroda-Rueckseite-211x300.jpeg 211w, http:\/\/gemeinschaftsschule-graefenroda.de\/wp-content\/uploads\/2021\/02\/Flyer-TGS-Graefenroda-Rueckseite-768x1089.jpeg 768w, http:\/\/gemeinschaftsschule-graefenroda.de\/wp-content\/uploads\/2021\/02\/Flyer-TGS-Graefenroda-Rueckseite-1083x1536.jpeg 1083w, http:\/\/gemeinschaftsschule-graefenroda.de\/wp-content\/uploads\/2021\/02\/Flyer-TGS-Graefenroda-Rueckseite.jpeg 1400w\" sizes=\"(max-width: 705px) 100vw, 705px\" \/><\/figure>\n\n\n\n<div class=\"wp-block-file\"><a id=\"wp-block-file--media-65a8845c-9d1c-4d17-841d-41376dfc4c93\" href=\"http:\/\/gemeinschaftsschule-graefenroda.de\/wp-content\/uploads\/2021\/02\/Flyer-TSG-Graefenroda-Vorderseite-konvertiert.pdf\"><em>Flyer der Schule als Download<\/em><\/a><a href=\"http:\/\/gemeinschaftsschule-graefenroda.de\/wp-content\/uploads\/2021\/02\/Flyer-TSG-Graefenroda-Vorderseite-konvertiert.pdf\" class=\"wp-block-file__button wp-element-button\" download aria-describedby=\"wp-block-file--media-65a8845c-9d1c-4d17-841d-41376dfc4c93\"><br><br>Herunterladen<\/a><\/div>\n\n\n\n<p class=\"has-medium-font-size\"><strong>1.        Hinweise Anmeldetage f\u00fcr das Schuljahr 2026\/2027 <\/strong><\/p>\n\n\n\n<p><a href=\"http:\/\/gemeinschaftsschule-graefenroda.de\/wp-content\/uploads\/2026\/02\/Hinweise-Anmeldetage-fuer-das-Schuljahr-2026-27-Klassenstufe-5-1.pdf\">Hinweise-Anmeldetage-fuer-das-Schuljahr-2026-27-Klassenstufe-5-1<\/a><\/p>\n\n\n\n<p class=\"has-medium-font-size\"><strong>2.        Anmeldeformular f\u00fcr das Schuljahr 2026\/2027 <\/strong><\/p>\n\n\n\n<p><a href=\"http:\/\/gemeinschaftsschule-graefenroda.de\/wp-content\/uploads\/2026\/02\/Anmeldeformular-Schuljahr-2026-27-Klassenstufe-5-1.pdf\">Anmeldeformular Schuljahr 2026 \/ 2027<\/a><\/p>\n\n\n\n<p class=\"has-medium-font-size\"><strong>3.&nbsp;&nbsp;&nbsp;&nbsp;&nbsp;&nbsp;&nbsp;Zusatzblatt f\u00fcr schulspezifische Abfragen\u2013 Erg\u00e4nzung Anmeldeformular Klassenstufe 5<\/strong><\/p>\n\n\n\n<div class=\"wp-block-file\"><a id=\"wp-block-file--media-1dc00bc4-94c4-4b16-963c-587abd6d74a8\" href=\"http:\/\/gemeinschaftsschule-graefenroda.de\/wp-content\/uploads\/2023\/02\/Zusatzblatt-fuer-schulspezifische-Abfragen-Ergaenzung-Anmeldeformular-Klassenstufe-5.pdf\">Zusatzblatt-fuer-schulspezifische-Abfragen-Ergaenzung-Anmeldeformular-Klassenstufe-5<\/a><a href=\"http:\/\/gemeinschaftsschule-graefenroda.de\/wp-content\/uploads\/2023\/02\/Zusatzblatt-fuer-schulspezifische-Abfragen-Ergaenzung-Anmeldeformular-Klassenstufe-5.pdf\" class=\"wp-block-file__button wp-element-button\" download aria-describedby=\"wp-block-file--media-1dc00bc4-94c4-4b16-963c-587abd6d74a8\">Herunterladen<\/a><\/div>\n\n\n\n<p class=\"has-medium-font-size\"><strong>4.&nbsp;&nbsp;&nbsp;&nbsp;&nbsp;&nbsp;&nbsp;Datenschutz Merkblatt Art. 13 DS-GVO<\/strong><\/p>\n\n\n\n<div class=\"wp-block-file\"><a id=\"wp-block-file--media-56bec276-6d05-4d48-9cd0-f57ad2d755d4\" href=\"http:\/\/gemeinschaftsschule-graefenroda.de\/wp-content\/uploads\/2023\/02\/Datenschutz_Merkblatt-Art.-13-DS-GVO-.pdf\">Datenschutz_Merkblatt-Art.-13-DS-GVO-<\/a><a href=\"http:\/\/gemeinschaftsschule-graefenroda.de\/wp-content\/uploads\/2023\/02\/Datenschutz_Merkblatt-Art.-13-DS-GVO-.pdf\" class=\"wp-block-file__button wp-element-button\" download aria-describedby=\"wp-block-file--media-56bec276-6d05-4d48-9cd0-f57ad2d755d4\">Herunterladen<\/a><\/div>\n\n\n\n<p class=\"has-medium-font-size\"><strong>5.&nbsp;&nbsp;&nbsp;&nbsp;&nbsp;&nbsp;&nbsp;Antrag auf Ausstellung eines Sch\u00fclerfahrausweises \u2013 Ilm-Kreis<\/strong><\/p>\n\n\n\n<p><a href=\"http:\/\/gemeinschaftsschule-graefenroda.de\/wp-content\/uploads\/2026\/02\/Antrag-auf-Ausstellung-eines-Schuelerfahrausweises-Schuljahr-2026-27.pdf\">Antrag auf Ausstellung eines Sch\u00fclerfahrausweises Schuljahr 2026 \/ 2027<\/a><\/p>\n\n\n\n<p class=\"has-medium-font-size\"><strong>6.&nbsp;&nbsp;&nbsp;&nbsp;&nbsp;&nbsp;&nbsp;Antrag auf \u00dcbernahme Sch\u00fclerbef\u00f6rderungskosten \u2013 Gehlberg \u2013 Stadt Suhl<\/strong><\/p>\n\n\n\n<p><a href=\"http:\/\/gemeinschaftsschule-graefenroda.de\/wp-content\/uploads\/2026\/03\/Erfassungsbogen-zur-Uebernahme-der-Schuelerbefoerderungskosten-Version-1.8-1.pdf\" data-type=\"attachment\" data-id=\"3785\">Erfassungsbogen-zur-Uebernahme-der-Schuelerbefoerderungskosten-Version-1.8-1 <\/a><\/p>\n","protected":false},"excerpt":{"rendered":"<p>Liebe Eltern und Sch\u00fclerInnen,wir m\u00f6chten uns als Schule im Folgenden etwas vorstellen, um Ihnen die Entscheidung zu einem Schulwechsel so &hellip; <\/p>\n","protected":false},"author":3,"featured_media":0,"parent":0,"menu_order":0,"comment_status":"closed","ping_status":"closed","template":"","meta":[],"_links":{"self":[{"href":"http:\/\/gemeinschaftsschule-graefenroda.de\/index.php\/wp-json\/wp\/v2\/pages\/417"}],"collection":[{"href":"http:\/\/gemeinschaftsschule-graefenroda.de\/index.php\/wp-json\/wp\/v2\/pages"}],"about":[{"href":"http:\/\/gemeinschaftsschule-graefenroda.de\/index.php\/wp-json\/wp\/v2\/types\/page"}],"author":[{"embeddable":true,"href":"http:\/\/gemeinschaftsschule-graefenroda.de\/index.php\/wp-json\/wp\/v2\/users\/3"}],"replies":[{"embeddable":true,"href":"http:\/\/gemeinschaftsschule-graefenroda.de\/index.php\/wp-json\/wp\/v2\/comments?post=417"}],"version-history":[{"count":28,"href":"http:\/\/gemeinschaftsschule-graefenroda.de\/index.php\/wp-json\/wp\/v2\/pages\/417\/revisions"}],"predecessor-version":[{"id":3787,"href":"http:\/\/gemeinschaftsschule-graefenroda.de\/index.php\/wp-json\/wp\/v2\/pages\/417\/revisions\/3787"}],"wp:attachment":[{"href":"http:\/\/gemeinschaftsschule-graefenroda.de\/index.php\/wp-json\/wp\/v2\/media?parent=417"}],"curies":[{"name":"wp","href":"https:\/\/api.w.org\/{rel}","templated":true}]}}